{"id":860,"date":"2021-06-11T12:17:30","date_gmt":"2021-06-11T16:17:30","guid":{"rendered":"https:\/\/oilmalal.com\/?page_id=860"},"modified":"2021-10-11T16:57:26","modified_gmt":"2021-10-11T20:57:26","slug":"historia","status":"publish","type":"page","link":"https:\/\/oilmalal.com\/?page_id=860","title":{"rendered":"Historia"},"content":{"rendered":"\t\t<div data-elementor-type=\"wp-page\" data-elementor-id=\"860\" class=\"elementor elementor-860\" data-elementor-settings=\"[]\">\n\t\t\t\t\t\t<div class=\"elementor-inner\">\n\t\t\t\t\t\t\t<div class=\"elementor-section-wrap\">\n\t\t\t\t\t\t\t<section class=\"elementor-section elementor-top-section elementor-element elementor-element-22930a5 elementor-section-boxed elementor-section-height-default elementor-section-height-default\" data-id=\"22930a5\" data-element_type=\"section\" data-settings=\"{&quot;background_background&quot;:&quot;classic&quot;}\">\n\t\t\t\t\t\t\t<div class=\"elementor-background-overlay\"><\/div>\n\t\t\t\t\t\t\t<div class=\"elementor-container elementor-column-gap-default\">\n\t\t\t\t\t\t\t<div class=\"elementor-row\">\n\t\t\t\t\t<div class=\"elementor-column elementor-col-33 elementor-top-column elementor-element elementor-element-f11f5fa elementor-hidden-tablet elementor-hidden-phone elementor-invisible\" data-id=\"f11f5fa\" data-element_type=\"column\" data-settings=\"{&quot;background_background&quot;:&quot;classic&quot;,&quot;animation&quot;:&quot;fadeInUp&quot;}\">\n\t\t\t<div class=\"elementor-column-wrap elementor-element-populated\">\n\t\t\t\t\t\t\t<div class=\"elementor-widget-wrap\">\n\t\t\t\t\t\t<div class=\"elementor-element elementor-element-30c2ec5 elementor-widget elementor-widget-spacer\" data-id=\"30c2ec5\" data-element_type=\"widget\" data-widget_type=\"spacer.default\">\n\t\t\t\t<div class=\"elementor-widget-container\">\n\t\t\t\t\t<div class=\"elementor-spacer\">\n\t\t\t<div class=\"elementor-spacer-inner\"><\/div>\n\t\t<\/div>\n\t\t\t\t<\/div>\n\t\t\t\t<\/div>\n\t\t\t\t\t\t<\/div>\n\t\t\t\t\t<\/div>\n\t\t<\/div>\n\t\t\t\t<div class=\"elementor-column elementor-col-33 elementor-top-column elementor-element elementor-element-6f2c07f elementor-invisible\" data-id=\"6f2c07f\" data-element_type=\"column\" data-settings=\"{&quot;background_background&quot;:&quot;classic&quot;,&quot;animation&quot;:&quot;fadeInUp&quot;}\">\n\t\t\t<div class=\"elementor-column-wrap elementor-element-populated\">\n\t\t\t\t\t\t\t<div class=\"elementor-widget-wrap\">\n\t\t\t\t\t\t<div class=\"elementor-element elementor-element-5eddf11 elementor-widget elementor-widget-image\" data-id=\"5eddf11\" data-element_type=\"widget\" data-widget_type=\"image.default\">\n\t\t\t\t<div class=\"elementor-widget-container\">\n\t\t\t\t\t<div class=\"elementor-image\">\n\t\t\t\t\t\t\t\t\t\t<img width=\"1598\" height=\"324\" src=\"https:\/\/oilmalal.com\/wp-content\/uploads\/2021\/06\/oilmalal-azul.png\" class=\"attachment-full size-full\" alt=\"\" loading=\"lazy\" srcset=\"https:\/\/oilmalal.com\/wp-content\/uploads\/2021\/06\/oilmalal-azul.png 1598w, https:\/\/oilmalal.com\/wp-content\/uploads\/2021\/06\/oilmalal-azul-300x61.png 300w, https:\/\/oilmalal.com\/wp-content\/uploads\/2021\/06\/oilmalal-azul-1024x208.png 1024w, https:\/\/oilmalal.com\/wp-content\/uploads\/2021\/06\/oilmalal-azul-768x156.png 768w, https:\/\/oilmalal.com\/wp-content\/uploads\/2021\/06\/oilmalal-azul-1536x311.png 1536w\" sizes=\"(max-width: 1598px) 100vw, 1598px\" \/>\t\t\t\t\t\t\t\t\t\t\t<\/div>\n\t\t\t\t<\/div>\n\t\t\t\t<\/div>\n\t\t\t\t<div class=\"elementor-element elementor-element-0933ee8 elementor-widget__width-auto elementor-invisible elementor-widget elementor-widget-heading\" data-id=\"0933ee8\" data-element_type=\"widget\" data-settings=\"{&quot;_animation&quot;:&quot;fadeInLeft&quot;}\" data-widget_type=\"heading.default\">\n\t\t\t\t<div class=\"elementor-widget-container\">\n\t\t\t<h2 class=\"elementor-heading-title elementor-size-default\">Historia<\/h2>\t\t<\/div>\n\t\t\t\t<\/div>\n\t\t\t\t<div class=\"elementor-element elementor-element-9741cca elementor-widget elementor-widget-text-editor\" data-id=\"9741cca\" data-element_type=\"widget\" data-widget_type=\"text-editor.default\">\n\t\t\t\t<div class=\"elementor-widget-container\">\n\t\t\t\t\t<div class=\"elementor-text-editor elementor-clearfix\"><p>Oil Malal nace en 2013 como respuesta al crecimiento sostenido de la industria de la construcci\u00f3n de infraestructura vial, con el objetivo de proveer productos asf\u00e1lticos de alta calidad, as\u00ed como para fortalecer la industria generando m\u00e1s competencia y transparencia.<\/p><p>Oil Malal se fund\u00f3 con la convicci\u00f3n de ser un aporte al mercado vial de Chile, por lo que en 2015 se construye el primer terminal en San Antonio para la importaci\u00f3n de asfalto, junto con una planta de procesos para la manufactura de los distintos tipos de productos y un moderno laboratorio.<\/p><p>En abril de 2020, Oil Malal inici\u00f3 una nueva etapa al ser adquirida por el grupo franc\u00e9s COLAS, l\u00edder mundial de la construcci\u00f3n y el mantenimiento de infraestructura de transporte, con m\u00e1s de 58.000 colaboradores en los cinco continentes, lo cual representa un paso importante en el crecimiento y posicionamiento de COLAS en la b\u00fasqueda de promover y construir soluciones de<br \/>infraestructura para una movilidad sostenible.<\/p><\/div>\n\t\t\t\t<\/div>\n\t\t\t\t<\/div>\n\t\t\t\t\t\t<\/div>\n\t\t\t\t\t<\/div>\n\t\t<\/div>\n\t\t\t\t<div class=\"elementor-column elementor-col-33 elementor-top-column elementor-element elementor-element-faf317e\" data-id=\"faf317e\" data-element_type=\"column\">\n\t\t\t<div class=\"elementor-column-wrap\">\n\t\t\t\t\t\t\t<div class=\"elementor-widget-wrap\">\n\t\t\t\t\t\t\t\t<\/div>\n\t\t\t\t\t<\/div>\n\t\t<\/div>\n\t\t\t\t\t\t\t\t<\/div>\n\t\t\t\t\t<\/div>\n\t\t<\/section>\n\t\t\t\t<section class=\"elementor-section elementor-top-section elementor-element elementor-element-52523a0 elementor-hidden-desktop elementor-section-boxed elementor-section-height-default elementor-section-height-default\" data-id=\"52523a0\" data-element_type=\"section\" data-settings=\"{&quot;animation_mobile&quot;:&quot;fadeInUp&quot;}\">\n\t\t\t\t\t\t<div class=\"elementor-container elementor-column-gap-default\">\n\t\t\t\t\t\t\t<div class=\"elementor-row\">\n\t\t\t\t\t<div class=\"elementor-column elementor-col-100 elementor-top-column elementor-element elementor-element-d04399c elementor-hidden-desktop\" data-id=\"d04399c\" data-element_type=\"column\">\n\t\t\t<div class=\"elementor-column-wrap elementor-element-populated\">\n\t\t\t\t\t\t\t<div class=\"elementor-widget-wrap\">\n\t\t\t\t\t\t<div class=\"elementor-element elementor-element-9cf4125 elementor-hidden-desktop elementor-widget elementor-widget-text-editor\" data-id=\"9cf4125\" data-element_type=\"widget\" data-widget_type=\"text-editor.default\">\n\t\t\t\t<div class=\"elementor-widget-container\">\n\t\t\t\t\t<div class=\"elementor-text-editor elementor-clearfix\"><\/div>\n\t\t\t\t<\/div>\n\t\t\t\t<\/div>\n\t\t\t\t\t\t<\/div>\n\t\t\t\t\t<\/div>\n\t\t<\/div>\n\t\t\t\t\t\t\t\t<\/div>\n\t\t\t\t\t<\/div>\n\t\t<\/section>\n\t\t\t\t\t\t<\/div>\n\t\t\t\t\t\t<\/div>\n\t\t\t\t\t<\/div>\n\t\t","protected":false},"excerpt":{"rendered":"<p>Historia Oil Malal nace en 2013 como respuesta al crecimiento sostenido de la industria de la construcci\u00f3n de infraestructura vial, con el objetivo de proveer productos asf\u00e1lticos de alta calidad, as\u00ed como para fortalecer la industria generando m\u00e1s competencia y transparencia. Oil Malal se fund\u00f3 con la convicci\u00f3n de ser un aporte al mercado vial [&hellip;]<\/p>\n","protected":false},"author":2,"featured_media":0,"parent":0,"menu_order":0,"comment_status":"closed","ping_status":"closed","template":"","meta":[],"_links":{"self":[{"href":"https:\/\/oilmalal.com\/index.php?rest_route=\/wp\/v2\/pages\/860"}],"collection":[{"href":"https:\/\/oilmalal.com\/index.php?rest_route=\/wp\/v2\/pages"}],"about":[{"href":"https:\/\/oilmalal.com\/index.php?rest_route=\/wp\/v2\/types\/page"}],"author":[{"embeddable":true,"href":"https:\/\/oilmalal.com\/index.php?rest_route=\/wp\/v2\/users\/2"}],"replies":[{"embeddable":true,"href":"https:\/\/oilmalal.com\/index.php?rest_route=%2Fwp%2Fv2%2Fcomments&post=860"}],"version-history":[{"count":222,"href":"https:\/\/oilmalal.com\/index.php?rest_route=\/wp\/v2\/pages\/860\/revisions"}],"predecessor-version":[{"id":2708,"href":"https:\/\/oilmalal.com\/index.php?rest_route=\/wp\/v2\/pages\/860\/revisions\/2708"}],"wp:attachment":[{"href":"https:\/\/oilmalal.com\/index.php?rest_route=%2Fwp%2Fv2%2Fmedia&parent=860"}],"curies":[{"name":"wp","href":"https:\/\/api.w.org\/{rel}","templated":true}]}}